{"id":552,"date":"2024-03-25T21:45:23","date_gmt":"2024-03-25T20:45:23","guid":{"rendered":"https:\/\/euro2024.pemsagroup.ch\/rules\/"},"modified":"2024-06-28T10:39:43","modified_gmt":"2024-06-28T08:39:43","slug":"rules","status":"publish","type":"page","link":"https:\/\/euro2024.pemsagroup.ch\/de\/rules\/","title":{"rendered":"Teilnahmebedingungen"},"content":{"rendered":"<div class=\"wpb-content-wrapper\"><p>[vc_row][vc_column]\t\t\t<link rel=\"stylesheet\" id=\"wd-section-title-css\" href=\"https:\/\/euro2024.pemsagroup.ch\/wp-content\/themes\/woodmart\/css\/parts\/el-section-title.min.css?ver=7.5.1\" type=\"text\/css\" media=\"all\" \/> \t\t\t\t\t\t<link rel=\"stylesheet\" id=\"wd-section-title-style-simple-and-brd-css\" href=\"https:\/\/euro2024.pemsagroup.ch\/wp-content\/themes\/woodmart\/css\/parts\/el-section-title-style-simple-and-brd.min.css?ver=7.5.1\" type=\"text\/css\" media=\"all\" \/> \t\t\t\t\t\t<link rel=\"stylesheet\" id=\"wd-mod-highlighted-text-css\" href=\"https:\/\/euro2024.pemsagroup.ch\/wp-content\/themes\/woodmart\/css\/parts\/mod-highlighted-text.min.css?ver=7.5.1\" type=\"text\/css\" media=\"all\" \/> \t\t\t\n\t\t<div id=\"wd-66604851d3e44\" class=\"title-wrapper wd-wpb set-mb-s reset-last-child  wd-rs-66604851d3e44 wd-title-color-primary wd-title-style-simple text-center  wd-underline-colored\">\n\t\t\t\n\t\t\t<div class=\"liner-continer\">\n\t\t\t\t<h4 class=\"woodmart-title-container title  wd-font-weight- wd-fontsize-xxl\" >Teilnahmebedingungen f\u00fcr den Euro 2024 Tippspiel-Wettbewerb<\/h4>\n\t\t\t\t\t\t\t<\/div>\n\t\t\t\n\t\t\t\n\t\t\t\n\t\t<\/div>\n\t\t\n\t\t\t\t\t<link rel=\"stylesheet\" id=\"wd-text-block-css\" href=\"https:\/\/euro2024.pemsagroup.ch\/wp-content\/themes\/woodmart\/css\/parts\/el-text-block.min.css?ver=7.5.1\" type=\"text\/css\" media=\"all\" \/> \t\t\t\t\t<div id=\"wd-667e76c4ce9f4\" class=\"wd-text-block wd-wpb reset-last-child wd-rs-667e76c4ce9f4 text-left \">\n\t\t\t<h2>Artikel 1: Organisation<\/h2>\n<p>1.1 Pemsa Group SA, ein Unternehmen mit Sitz in Lutry, das die Marken &#8220;Pemsa&#8221;, &#8220;Multi Personnel&#8221;, &#8220;Assisteo&#8221; und &#8220;Teameo&#8221; umfasst, veranstaltet einen Tippwettbewerb f\u00fcr die Fu\u00dfball-Europameisterschaft 2024, die in Deutschland stattfindet. Dieser Wettbewerb steht allen Personen offen, die die Teilnahmekriterien erf\u00fcllen, wobei f\u00fcr Kunden und Mitarbeiter der oben genannten Marken besondere Belohnungen vorgesehen sind.<\/p>\n<h2>Artikel 2: Dauer des Wettbewerbs<\/h2>\n<p>2.1 Der Wettbewerb beginnt am 6. Juni 2024 und endet am 14. Juli 2024.<\/p>\n<p>2.2 Die Tipps k\u00f6nnen bis zu einer Stunde vor dem Anpfiff jedes Spiels abgegeben werden.<\/p>\n<h2>Artikel 3: Teilnahmebedingungen<\/h2>\n<p>3.1 Das Gewinnspiel steht allen Personen im Alter von 18 Jahren oder \u00e4lter offen. Zur Teilnahme muss ein Einladungslink erhalten werden. Diese Links k\u00f6nnen mit Dritten geteilt werden, die Preise bleiben jedoch exklusiv f\u00fcr Kunden und Mitarbeiter der Pemsa Group und ihrer Marken.<\/p>\n<p>3.2 Die Teilnahme ist kostenlos und es sind keine Transaktionen oder K\u00e4ufe erforderlich, um teilzunehmen oder zu gewinnen.<\/p>\n<h2>Artikel 4: Anmeldung<\/h2>\n<p>4.1 Die Teilnehmer m\u00fcssen sich online unter <a href=\"https:\/\/euro2024.pemsagroup.ch\/\">https:\/\/euro2024.pemsagroup.ch\/<\/a> anmelden. Die Anmeldung erfordert die \u00dcbermittlung bestimmter pers\u00f6nlicher Informationen, deren Verwaltung unserer Datenschutzrichtlinie entspricht, die auf der Website einsehbar ist.<\/p>\n<h2>Artikel 5: Einreichen von Prognosen<\/h2>\n<p>5.1 Die Tipps m\u00fcssen \u00fcber die oben genannte Website eingereicht werden.<\/p>\n<p>5.2 Die Tipps k\u00f6nnen bis zu einer Stunde vor dem Anpfiff eines jeden Spiels ge\u00e4ndert werden.<\/p>\n<h2>Artikel 6: Punktesystem<\/h2>\n<ul class=\"unordered-list\">\n<li><strong>Punkte f\u00fcr genaue Punktzahl:<\/strong> 5 Punkte werden f\u00fcr jeden Tipp vergeben, bei dem der Teilnehmer den genauen Endstand des Spiels richtig erraten hat.<\/li>\n<li><strong>Gesamtpunktzahl-Punkte:<\/strong> 2 Punkte werden f\u00fcr die korrekte Vorhersage des Spielausgangs (Sieg, Unentschieden oder Niederlage) vergeben, ohne dass der genaue Spielstand vorhergesagt werden muss.<\/li>\n<li><strong>Torbonus:<\/strong> 1 Zusatzpunkt wird f\u00fcr die richtige Vorhersage der Anzahl der Tore vergeben, die eine der Mannschaften erzielt hat.<\/li>\n<li><strong>Tordifferenz-Bonus:<\/strong> 1 Zusatzpunkt wird f\u00fcr die korrekte Vorhersage der Tordifferenz in Spielen mit einem Sieger vergeben.<\/li>\n<li><strong>Multiplikator:<\/strong> Jeder Teilnehmer kann w\u00e4hrend des Wettbewerbs zwei Multiplikatoren einsetzen. Wenn aktiviert, werden die Punkte f\u00fcr ein Spiel mit 4 multipliziert.<\/li>\n<\/ul>\n<p>Bei K.o.-Spielen (Achtelfinale, Viertelfinale, Halbfinale und Finale) wird der Spielstand nach 120 Minuten (regul\u00e4re Spielzeit und Verl\u00e4ngerung) ber\u00fccksichtigt. Elfmeterschie\u00dfen werden nicht einbezogen.<\/p>\n<h2>Artikel 7: Vergabe der Preise<\/h2>\n<p>7.1 Die Rangliste der Teilnehmer wird auf der Grundlage der w\u00e4hrend des Wettbewerbs gesammelten Punkte erstellt. Der Teilnehmer, der bei Abschluss des Wettbewerbs die meisten Punkte gesammelt hat, wird zum Gewinner erkl\u00e4rt.<\/p>\n<p>7.2 Im Falle eines Punktegleichstands werden die folgenden Kriterien angewendet, um die Gewinner zu ermitteln:<\/p>\n<ul>\n<li>Anzahl der vorhergesagten exakten Punktzahlen.<\/li>\n<li>Effektiver Einsatz von Multiplikatoren.<\/li>\n<li>Erstmalige Teilnahme am Wettbewerb.<\/li>\n<\/ul>\n<p>7.3 Die Preise werden wie folgt vergeben:<\/p>\n<ul>\n<li>1. Preis: Ein Wochenende f\u00fcr 2 Personen in Berlin, inklusive Flug, Unterkunft in einem Vier-Sterne-Hotel und einer Mahlzeit.<\/li>\n<li>2. Preis: Ein Essen f\u00fcr zwei Personen in einem Gourmetrestaurant in der Schweiz, das von Gault &amp; Millau mit 15 bewertet wurde.<\/li>\n<li>3. Preis: Ein 30-min\u00fctiger Helikopterflug f\u00fcr zwei Personen, bei dem sie die Schweizer Landschaft bewundern k\u00f6nnen.<\/li>\n<\/ul>\n<p>7.4 Die Gewinner werden innerhalb von 7 Tagen nach Abschluss des Wettbewerbs \u00fcber die bei der Registrierung angegebene E-Mail-Adresse kontaktiert, um die Preisverleihung zu organisieren.<\/p>\n<h2>Artikel 8: Betrug und Schummeln<\/h2>\n<p>8.1 Im Falle von nachgewiesenem Betrug oder Schummelei wird der Teilnehmer disqualifiziert und hat keinen Anspruch auf einen Preis.<\/p>\n<h2>Artikel 9: Schutz personenbezogener Daten<\/h2>\n<p>9.1 Die im Rahmen des Wettbewerbs gesammelten pers\u00f6nlichen Daten werden ausschlie\u00dflich f\u00fcr die Verwaltung des Wettbewerbs verwendet und unter keinen Umst\u00e4nden verkauft oder an Dritte weitergegeben. Die Daten werden f\u00fcr einen Zeitraum von sechs Monaten nach Beendigung des Wettbewerbs aufbewahrt und danach sicher gel\u00f6scht.<\/p>\n<h2>Artikel 10: Streitigkeiten und L\u00f6sung<\/h2>\n<p>10.1 Im Falle von Streitigkeiten ist der Sitz der Pemsa Group in Lutry f\u00fcr die L\u00f6sung zust\u00e4ndig.<\/p>\n<h2>Artikel 11: Verschiedenes<\/h2>\n<p>11.1 Durch die Teilnahme am Wettbewerb akzeptieren die Teilnehmer die vorliegenden Regeln in ihrer Gesamtheit.<\/p>\n<p>11.2 Bei Fragen oder Problemen bez\u00fcglich des Wettbewerbs k\u00f6nnen sich die Teilnehmer an die E-Mail-Adresse: info@pemsagroup.ch wenden.<\/p>\n<p>11.3 Pemsa Group beh\u00e4lt sich das Recht vor, die Teilnahmebedingungen jederzeit und ohne Vorank\u00fcndigung zu \u00e4ndern, insbesondere im Falle h\u00f6herer Gewalt.<\/p>\n<p>11.4 Pemsa Group \u00fcbernimmt keine Verantwortung f\u00fcr technische oder andere Probleme, die die Teilnahme am Wettbewerb verhindern.<\/p>\n<p>11.5 Rechtliche Schritte, die sich auf die Durchf\u00fchrung des Wettbewerbs beziehen, werden nicht akzeptiert.<\/p>\n<h2>Voraussetzungen<\/h2>\n<p>Die Teilnahme am Wettbewerb setzt die vollst\u00e4ndige und uneingeschr\u00e4nkte Annahme dieser Regeln voraus.<\/p>\n<p>Viel Gl\u00fcck an alle Tipper der Euro 2024!<\/p>\n\t\t<\/div>\n\t\t[\/vc_column][\/vc_row]<\/p>\n<\/div>","protected":false},"excerpt":{"rendered":"<p>[vc_row][vc_column][\/vc_column][\/vc_row]<\/p>\n","protected":false},"author":1,"featured_media":0,"parent":0,"menu_order":5,"comment_status":"closed","ping_status":"closed","template":"","meta":{"_acf_changed":false,"footnotes":""},"class_list":["post-552","page","type-page","status-publish","hentry"],"acf":[],"_links":{"self":[{"href":"https:\/\/euro2024.pemsagroup.ch\/de\/wp-json\/wp\/v2\/pages\/552","targetHints":{"allow":["GET"]}}],"collection":[{"href":"https:\/\/euro2024.pemsagroup.ch\/de\/wp-json\/wp\/v2\/pages"}],"about":[{"href":"https:\/\/euro2024.pemsagroup.ch\/de\/wp-json\/wp\/v2\/types\/page"}],"author":[{"embeddable":true,"href":"https:\/\/euro2024.pemsagroup.ch\/de\/wp-json\/wp\/v2\/users\/1"}],"replies":[{"embeddable":true,"href":"https:\/\/euro2024.pemsagroup.ch\/de\/wp-json\/wp\/v2\/comments?post=552"}],"version-history":[{"count":2,"href":"https:\/\/euro2024.pemsagroup.ch\/de\/wp-json\/wp\/v2\/pages\/552\/revisions"}],"predecessor-version":[{"id":698,"href":"https:\/\/euro2024.pemsagroup.ch\/de\/wp-json\/wp\/v2\/pages\/552\/revisions\/698"}],"wp:attachment":[{"href":"https:\/\/euro2024.pemsagroup.ch\/de\/wp-json\/wp\/v2\/media?parent=552"}],"curies":[{"name":"wp","href":"https:\/\/api.w.org\/{rel}","templated":true}]}}